{"id":115,"date":"2017-10-28T18:39:50","date_gmt":"2017-10-28T16:39:50","guid":{"rendered":"http:\/\/spp3.slawno.pl\/?page_id=115"},"modified":"2019-09-25T21:02:03","modified_gmt":"2019-09-25T19:02:03","slug":"rada-rodzicow","status":"publish","type":"page","link":"http:\/\/spp3.slawno.pl\/?page_id=115","title":{"rendered":"Rada Rodzic\u00f3w"},"content":{"rendered":"<p>Witamy w zak\u0142adce Rady Rodzic\u00f3w przy Szkole Podstawowej nr 3 w S\u0142awnie. B\u0119dziemy si\u0119 starali umieszcza\u0107 tutaj wszystkie informacje zwi\u0105zane z funkcjonowaniem Rady Rodzic\u00f3w.<\/p>\n<h3 style=\"text-align: center;\">PREZYDIUM RADY RODZIC\u00d3W<\/h3>\n<p>Przewodnicz\u0105cy &#8211; p. <strong>Kamila Rauer &#8211; Wojciechowska<\/strong> &#8211; kamila.mag@wp.pl \/ tel. 665-596-202<\/p>\n<p>Zast\u0119pca &#8211; p.\u00a0<strong>Kamila Korotusz<\/strong><\/p>\n<p style=\"text-align: left;\">Skarbnik &#8211; p.<strong> Marta Woszczyk<\/strong><\/p>\n<p>Szanowni Pa\u0144stwo, Dzi\u0119ki Waszej pomocy i wsparciu finansowemu, mo\u017cemy ca\u0142y czas doskonali\u0107 nasz\u0105 szko\u0142\u0119 i uatrakcyjni\u0107 proces nauczania naszych dzieci, dlatego zach\u0119cam Pa\u0144stwa do wp\u0142acania sk\u0142adek na fundusz Rady Rodzic\u00f3w i branie czynnego udzia\u0142u w naszej dzia\u0142alno\u015bci. Wszelkie pytania i w\u0105tpliwo\u015bci prosz\u0119 kierowa\u0107 na e-mail lub telefonicznie . Z powa\u017caniem Przewodnicz\u0105ca Rady Rodzic\u00f3w Wp\u0142aty prosimy dokonywa\u0107 u skarbnika klasowego lub na konto Rady Rodzic\u00f3w. W tytule przelewu prosz\u0119 poda\u0107 imi\u0119 i nazwisko dziecka oraz klas\u0119<\/p>\n<p style=\"text-align: center;\">Dane do przelewu:<\/p>\n<p style=\"text-align: center;\">Rada Rodzic\u00f3w przy Szkole Podstawowej Nr 3 w S\u0142awnie<\/p>\n<p style=\"text-align: center;\">ul. Sempo\u0142owskiej 3<\/p>\n<p style=\"text-align: center;\">76-100 S\u0142awno.<\/p>\n<p style=\"text-align: center;\">Wp\u0142aty na konto Rady Rodzic\u00f3w mo\u017cna dokonywa\u0107 na ni\u017cej podany numer:<\/p>\n<p style=\"text-align: center;\">43 9317 0002 0000 0127 2000 0010<\/p>\n","protected":false},"excerpt":{"rendered":"<div class=\"mh-excerpt\"><p>Witamy w zak\u0142adce Rady Rodzic\u00f3w przy Szkole Podstawowej nr 3 w S\u0142awnie. B\u0119dziemy si\u0119 starali umieszcza\u0107 tutaj wszystkie informacje zwi\u0105zane z funkcjonowaniem Rady Rodzic\u00f3w. PREZYDIUM <a class=\"mh-excerpt-more\" href=\"http:\/\/spp3.slawno.pl\/?page_id=115\" title=\"Rada Rodzic\u00f3w\">[&#8230;]<\/a><\/p>\n<\/div>","protected":false},"author":1,"featured_media":0,"parent":0,"menu_order":0,"comment_status":"closed","ping_status":"closed","template":"","meta":{"footnotes":""},"class_list":["post-115","page","type-page","status-publish","hentry"],"_links":{"self":[{"href":"http:\/\/spp3.slawno.pl\/index.php?rest_route=\/wp\/v2\/pages\/115"}],"collection":[{"href":"http:\/\/spp3.slawno.pl\/index.php?rest_route=\/wp\/v2\/pages"}],"about":[{"href":"http:\/\/spp3.slawno.pl\/index.php?rest_route=\/wp\/v2\/types\/page"}],"author":[{"embeddable":true,"href":"http:\/\/spp3.slawno.pl\/index.php?rest_route=\/wp\/v2\/users\/1"}],"replies":[{"embeddable":true,"href":"http:\/\/spp3.slawno.pl\/index.php?rest_route=%2Fwp%2Fv2%2Fcomments&post=115"}],"version-history":[{"count":6,"href":"http:\/\/spp3.slawno.pl\/index.php?rest_route=\/wp\/v2\/pages\/115\/revisions"}],"predecessor-version":[{"id":3608,"href":"http:\/\/spp3.slawno.pl\/index.php?rest_route=\/wp\/v2\/pages\/115\/revisions\/3608"}],"wp:attachment":[{"href":"http:\/\/spp3.slawno.pl\/index.php?rest_route=%2Fwp%2Fv2%2Fmedia&parent=115"}],"curies":[{"name":"wp","href":"https:\/\/api.w.org\/{rel}","templated":true}]}}