{"id":13473,"date":"2022-03-29T14:11:38","date_gmt":"2022-03-29T12:11:38","guid":{"rendered":"http:\/\/spp3.slawno.pl\/?page_id=13473"},"modified":"2022-03-29T14:11:39","modified_gmt":"2022-03-29T12:11:39","slug":"czytnik-nvda","status":"publish","type":"page","link":"http:\/\/spp3.slawno.pl\/?page_id=13473","title":{"rendered":"Czytnik NVDA"},"content":{"rendered":"\n<p>Link do strony, na kt\u00f3rej mo\u017cna pobra\u0107 czytnik NVDA:<\/p>\n\n\n\n<p><a href=\"https:\/\/www.nvda.pl\/pobierz\">https:\/\/www.nvda.pl\/pobierz<\/a><\/p>\n","protected":false},"excerpt":{"rendered":"<div class=\"mh-excerpt\"><p>Link do strony, na kt\u00f3rej mo\u017cna pobra\u0107 czytnik NVDA: https:\/\/www.nvda.pl\/pobierz<\/p>\n<\/div>","protected":false},"author":2,"featured_media":0,"parent":0,"menu_order":0,"comment_status":"closed","ping_status":"closed","template":"","meta":{"footnotes":""},"class_list":["post-13473","page","type-page","status-publish","hentry"],"_links":{"self":[{"href":"http:\/\/spp3.slawno.pl\/index.php?rest_route=\/wp\/v2\/pages\/13473"}],"collection":[{"href":"http:\/\/spp3.slawno.pl\/index.php?rest_route=\/wp\/v2\/pages"}],"about":[{"href":"http:\/\/spp3.slawno.pl\/index.php?rest_route=\/wp\/v2\/types\/page"}],"author":[{"embeddable":true,"href":"http:\/\/spp3.slawno.pl\/index.php?rest_route=\/wp\/v2\/users\/2"}],"replies":[{"embeddable":true,"href":"http:\/\/spp3.slawno.pl\/index.php?rest_route=%2Fwp%2Fv2%2Fcomments&post=13473"}],"version-history":[{"count":1,"href":"http:\/\/spp3.slawno.pl\/index.php?rest_route=\/wp\/v2\/pages\/13473\/revisions"}],"predecessor-version":[{"id":13474,"href":"http:\/\/spp3.slawno.pl\/index.php?rest_route=\/wp\/v2\/pages\/13473\/revisions\/13474"}],"wp:attachment":[{"href":"http:\/\/spp3.slawno.pl\/index.php?rest_route=%2Fwp%2Fv2%2Fmedia&parent=13473"}],"curies":[{"name":"wp","href":"https:\/\/api.w.org\/{rel}","templated":true}]}}